{"id":198,"date":"2025-08-05T14:41:27","date_gmt":"2025-08-05T14:41:27","guid":{"rendered":"https:\/\/www.rozcaptz.com\/?page_id=198"},"modified":"2025-08-06T15:13:50","modified_gmt":"2025-08-06T15:13:50","slug":"bike-photography","status":"publish","type":"page","link":"https:\/\/www.rozcaptz.com\/?page_id=198","title":{"rendered":"BIKE PHOTOGRAPHY"},"content":{"rendered":"\n<p>Las motocicletas son mucho m\u00e1s que un medio de transporte: son pasi\u00f3n, libertad y car\u00e1cter. En esta secci\u00f3n encontrar\u00e1s una colecci\u00f3n de sesiones fotogr\u00e1ficas dedicadas a capturar la esencia de cada m\u00e1quina sobre dos ruedas. Desde potentes deportivas hasta elegantes caf\u00e9 racers y aventureras de touring, cada imagen busca resaltar los detalles, el dise\u00f1o y la personalidad \u00fanica de cada moto.<\/p>\n\n\n\n<p>Aqu\u00ed celebro la belleza del motociclismo a trav\u00e9s de la lente, mostrando su fuerza, dinamismo y estilo en escenarios que realzan su presencia. Si compartes esta pasi\u00f3n o buscas inspiraci\u00f3n visual, est\u00e1s en el lugar indicado.<\/p>\n\n\n\n<p>Bienvenido a <strong>BIKE PHOTOGRAPHY<\/strong>: donde cada fotograf\u00eda cuenta una historia sobre la ruta, la ingenier\u00eda y el esp\u00edritu que impulsa a los verdaderos amantes de las motos.<\/p>\n\n\n\n<div class=\"wp-block-uagb-container uagb-block-223052eb alignfull uagb-is-root-container\">\n<div class=\"wp-block-uagb-container uagb-block-d7cd79a2\">\n<div class=\"wp-block-uagb-advanced-heading uagb-block-d83405d8\"><h2 class=\"uagb-heading-text\">NK &#8220;450&#8221;<\/h2><\/div>\n<\/div>\n\n\n\n<div class=\"wp-block-uagb-buttons uagb-buttons__outer-wrap uagb-btn__default-btn uagb-btn-tablet__default-btn uagb-btn-mobile__default-btn uagb-block-9130faf9\"><div class=\"uagb-buttons__wrap uagb-buttons-layout-wrap \">\n<div class=\"wp-block-uagb-buttons-child uagb-buttons__outer-wrap uagb-block-0e1ef07f wp-block-button\"><div class=\"uagb-button__wrapper\"><a class=\"uagb-buttons-repeater wp-block-button__link\" aria-label=\"\" href=\"https:\/\/www.rozcaptz.com\/?page_id=228\" rel=\"follow noopener\" target=\"_self\" role=\"button\"><div class=\"uagb-button__link\">Ir a galer\u00eda<\/div><\/a><\/div><\/div>\n<\/div><\/div>\n<\/div>\n\n\n\n<p><\/p>\n","protected":false},"excerpt":{"rendered":"<p>Las motocicletas son mucho m\u00e1s que un medio de transporte: son pasi\u00f3n, libertad [&hellip;]<\/p>\n","protected":false},"author":2,"featured_media":0,"parent":0,"menu_order":0,"comment_status":"closed","ping_status":"closed","template":"","meta":{"_uag_custom_page_level_css":"","footnotes":""},"class_list":["post-198","page","type-page","status-publish","hentry"],"uagb_featured_image_src":{"full":false,"thumbnail":false,"medium":false,"medium_large":false,"large":false,"1536x1536":false,"2048x2048":false},"uagb_author_info":{"display_name":"Enrique Lopez Rosales","author_link":"https:\/\/www.rozcaptz.com\/?author=2"},"uagb_comment_info":0,"uagb_excerpt":"Las motocicletas son mucho m\u00e1s que un medio de transporte: son pasi\u00f3n, libertad [&hellip;]","_links":{"self":[{"href":"https:\/\/www.rozcaptz.com\/index.php?rest_route=\/wp\/v2\/pages\/198","targetHints":{"allow":["GET"]}}],"collection":[{"href":"https:\/\/www.rozcaptz.com\/index.php?rest_route=\/wp\/v2\/pages"}],"about":[{"href":"https:\/\/www.rozcaptz.com\/index.php?rest_route=\/wp\/v2\/types\/page"}],"author":[{"embeddable":true,"href":"https:\/\/www.rozcaptz.com\/index.php?rest_route=\/wp\/v2\/users\/2"}],"replies":[{"embeddable":true,"href":"https:\/\/www.rozcaptz.com\/index.php?rest_route=%2Fwp%2Fv2%2Fcomments&post=198"}],"version-history":[{"count":9,"href":"https:\/\/www.rozcaptz.com\/index.php?rest_route=\/wp\/v2\/pages\/198\/revisions"}],"predecessor-version":[{"id":262,"href":"https:\/\/www.rozcaptz.com\/index.php?rest_route=\/wp\/v2\/pages\/198\/revisions\/262"}],"wp:attachment":[{"href":"https:\/\/www.rozcaptz.com\/index.php?rest_route=%2Fwp%2Fv2%2Fmedia&parent=198"}],"curies":[{"name":"wp","href":"https:\/\/api.w.org\/{rel}","templated":true}]}}