{"id":2,"date":"2025-06-17T00:20:27","date_gmt":"2025-06-17T00:20:27","guid":{"rendered":"https:\/\/www.rozcaptz.com\/?page_id=2"},"modified":"2025-07-28T04:15:27","modified_gmt":"2025-07-28T04:15:27","slug":"pagina-ejemplo","status":"publish","type":"page","link":"https:\/\/www.rozcaptz.com\/?page_id=2","title":{"rendered":"Car photography"},"content":{"rendered":"\n<p>Cada auto tiene una historia, una esencia, una personalidad. En esta colecci\u00f3n capturo m\u00e1s que metal y dise\u00f1o: detengo el tiempo en instantes donde la velocidad se vuelve arte.<\/p>\n\n\n\n<p>Mi objetivo es mostrar c\u00f3mo la luz, los reflejos y el entorno pueden transformar un autom\u00f3vil en una pieza visual poderosa. Ya sea un cl\u00e1sico con historia o una m\u00e1quina moderna de precisi\u00f3n, cada fotograf\u00eda busca conectar con quien mira, evocando admiraci\u00f3n, emoci\u00f3n y estilo.<\/p>\n\n\n\n<p>Bienvenido a este viaje visual sobre ruedas. Cada imagen fue tomada con intenci\u00f3n, detalle y pasi\u00f3n.<\/p>\n\n\n\n<div class=\"wp-block-uagb-separator uagb-block-bb709164\"><div class=\"wp-block-uagb-separator__inner\" style=\"--my-background-image:\"><\/div><\/div>\n\n\n\n<div class=\"wp-block-uagb-container uagb-block-223052eb alignfull uagb-is-root-container\">\n<div class=\"wp-block-uagb-container uagb-block-d7cd79a2\">\n<div class=\"wp-block-uagb-advanced-heading uagb-block-d83405d8\"><h2 class=\"uagb-heading-text\">BMW &amp; NATURE<\/h2><\/div>\n<\/div>\n\n\n\n<div class=\"wp-block-uagb-buttons uagb-buttons__outer-wrap uagb-btn__default-btn uagb-btn-tablet__default-btn uagb-btn-mobile__default-btn uagb-block-9130faf9\"><div class=\"uagb-buttons__wrap uagb-buttons-layout-wrap \">\n<div class=\"wp-block-uagb-buttons-child uagb-buttons__outer-wrap uagb-block-0e1ef07f wp-block-button\"><div class=\"uagb-button__wrapper\"><a class=\"uagb-buttons-repeater wp-block-button__link\" aria-label=\"\" href=\"#\" rel=\"follow noopener\" target=\"_self\" role=\"button\"><div class=\"uagb-button__link\">Ir a galer\u00eda<\/div><\/a><\/div><\/div>\n<\/div><\/div>\n<\/div>\n\n\n\n<div class=\"wp-block-uagb-separator uagb-block-c7a25bbb\"><div class=\"wp-block-uagb-separator__inner\" style=\"--my-background-image:\"><\/div><\/div>\n\n\n\n<div class=\"wp-block-uagb-container uagb-block-67dfed7a alignfull uagb-is-root-container\"><div class=\"uagb-container-inner-blocks-wrap\">\n<div class=\"wp-block-uagb-container uagb-block-79704513\">\n<div class=\"wp-block-uagb-advanced-heading uagb-block-000316b7\"><h2 class=\"uagb-heading-text\">URBAN 220i<\/h2><\/div>\n<\/div>\n\n\n\n<div class=\"wp-block-uagb-container uagb-block-4e0bf885\">\n<div class=\"wp-block-uagb-buttons uagb-buttons__outer-wrap uagb-btn__default-btn uagb-btn-tablet__default-btn uagb-btn-mobile__default-btn uagb-block-fa2af307\"><div class=\"uagb-buttons__wrap uagb-buttons-layout-wrap \">\n<div class=\"wp-block-uagb-buttons-child uagb-buttons__outer-wrap uagb-block-0c3f0cdd wp-block-button\"><div class=\"uagb-button__wrapper\"><a class=\"uagb-buttons-repeater wp-block-button__link\" aria-label=\"\" href=\"https:\/\/www.rozcaptz.com\/?page_id=142\" rel=\"follow noopener\" target=\"_self\" role=\"button\"><div class=\"uagb-button__link\">Ir a galer\u00eda<\/div><\/a><\/div><\/div>\n<\/div><\/div>\n<\/div>\n<\/div><\/div>\n\n\n\n<p><\/p>\n","protected":false},"excerpt":{"rendered":"<p>Cada auto tiene una historia, una esencia, una personalidad. En esta colecci\u00f3n capturo [&hellip;]<\/p>\n","protected":false},"author":1,"featured_media":0,"parent":0,"menu_order":0,"comment_status":"closed","ping_status":"open","template":"","meta":{"_uag_custom_page_level_css":"","footnotes":""},"class_list":["post-2","page","type-page","status-publish","hentry"],"uagb_featured_image_src":{"full":false,"thumbnail":false,"medium":false,"medium_large":false,"large":false,"1536x1536":false,"2048x2048":false},"uagb_author_info":{"display_name":"hrivera","author_link":"https:\/\/www.rozcaptz.com\/?author=1"},"uagb_comment_info":0,"uagb_excerpt":"Cada auto tiene una historia, una esencia, una personalidad. En esta colecci\u00f3n capturo [&hellip;]","_links":{"self":[{"href":"https:\/\/www.rozcaptz.com\/index.php?rest_route=\/wp\/v2\/pages\/2","targetHints":{"allow":["GET"]}}],"collection":[{"href":"https:\/\/www.rozcaptz.com\/index.php?rest_route=\/wp\/v2\/pages"}],"about":[{"href":"https:\/\/www.rozcaptz.com\/index.php?rest_route=\/wp\/v2\/types\/page"}],"author":[{"embeddable":true,"href":"https:\/\/www.rozcaptz.com\/index.php?rest_route=\/wp\/v2\/users\/1"}],"replies":[{"embeddable":true,"href":"https:\/\/www.rozcaptz.com\/index.php?rest_route=%2Fwp%2Fv2%2Fcomments&post=2"}],"version-history":[{"count":20,"href":"https:\/\/www.rozcaptz.com\/index.php?rest_route=\/wp\/v2\/pages\/2\/revisions"}],"predecessor-version":[{"id":195,"href":"https:\/\/www.rozcaptz.com\/index.php?rest_route=\/wp\/v2\/pages\/2\/revisions\/195"}],"wp:attachment":[{"href":"https:\/\/www.rozcaptz.com\/index.php?rest_route=%2Fwp%2Fv2%2Fmedia&parent=2"}],"curies":[{"name":"wp","href":"https:\/\/api.w.org\/{rel}","templated":true}]}}