{"id":31,"date":"2025-06-20T03:32:05","date_gmt":"2025-06-20T03:32:05","guid":{"rendered":"https:\/\/www.rozcaptz.com\/?page_id=31"},"modified":"2026-02-24T19:50:37","modified_gmt":"2026-02-24T19:50:37","slug":"mis-colecciones","status":"publish","type":"page","link":"https:\/\/www.rozcaptz.com\/?page_id=31","title":{"rendered":"Mis Colecciones"},"content":{"rendered":"\n<p>En esta p\u00e1gina podr\u00e1s encontrar colecciones de distintos \u00e1mbitos en los que mi fotograf\u00eda se ha desenvuelto, dependiendo de lo que te interese, espero que te gusten y si tienes alguna sugerencia no dudes en dec\u00edrmela.<\/p>\n\n\n\n<div class=\"wp-block-uagb-container uagb-block-223052eb alignfull uagb-is-root-container\">\n<div class=\"wp-block-uagb-container uagb-block-d7cd79a2\">\n<div class=\"wp-block-uagb-advanced-heading uagb-block-d83405d8\"><h2 class=\"uagb-heading-text\">Car Photography<\/h2><\/div>\n<\/div>\n\n\n\n<div class=\"wp-block-uagb-buttons uagb-buttons__outer-wrap uagb-btn__default-btn uagb-btn-tablet__default-btn uagb-btn-mobile__default-btn uagb-block-9130faf9\"><div class=\"uagb-buttons__wrap uagb-buttons-layout-wrap \">\n<div class=\"wp-block-uagb-buttons-child uagb-buttons__outer-wrap uagb-block-0e1ef07f wp-block-button\"><div class=\"uagb-button__wrapper\"><a class=\"uagb-buttons-repeater wp-block-button__link\" aria-label=\"\" href=\"https:\/\/www.rozcaptz.com\/?page_id=2\" rel=\"follow noopener\" target=\"_self\" role=\"button\"><div class=\"uagb-button__link\">Ir a colecci\u00f3n<\/div><\/a><\/div><\/div>\n<\/div><\/div>\n<\/div>\n\n\n\n<div class=\"wp-block-uagb-separator uagb-block-2b22320d\"><div class=\"wp-block-uagb-separator__inner\" style=\"--my-background-image:\"><\/div><\/div>\n\n\n\n<div class=\"wp-block-uagb-container uagb-block-93871a99 alignfull uagb-is-root-container\">\n<div class=\"wp-block-uagb-container uagb-block-fbedc94b\">\n<div class=\"wp-block-uagb-advanced-heading uagb-block-0124bf44\"><h2 class=\"uagb-heading-text\">Bike Photography<\/h2><\/div>\n<\/div>\n\n\n\n<div class=\"wp-block-uagb-buttons uagb-buttons__outer-wrap uagb-btn__default-btn uagb-btn-tablet__default-btn uagb-btn-mobile__default-btn uagb-block-429bf673\"><div class=\"uagb-buttons__wrap uagb-buttons-layout-wrap \">\n<div class=\"wp-block-uagb-buttons-child uagb-buttons__outer-wrap uagb-block-b7dda762 wp-block-button\"><div class=\"uagb-button__wrapper\"><a class=\"uagb-buttons-repeater wp-block-button__link\" aria-label=\"\" href=\"https:\/\/www.rozcaptz.com\/?page_id=198\" rel=\"follow noopener\" target=\"_self\" role=\"button\"><div class=\"uagb-button__link\">Ir a colecci\u00f3n<\/div><\/a><\/div><\/div>\n<\/div><\/div>\n<\/div>\n\n\n\n<div class=\"wp-block-uagb-separator uagb-block-c1bf9351\"><div class=\"wp-block-uagb-separator__inner\" style=\"--my-background-image:\"><\/div><\/div>\n\n\n\n<div class=\"wp-block-uagb-container uagb-block-5e728704 alignfull uagb-is-root-container\">\n<div class=\"wp-block-uagb-container uagb-block-660b6027\">\n<div class=\"wp-block-uagb-advanced-heading uagb-block-69efa4b8\"><h2 class=\"uagb-heading-text\">Retratos<\/h2><\/div>\n<\/div>\n\n\n\n<div class=\"wp-block-uagb-buttons uagb-buttons__outer-wrap uagb-btn__default-btn uagb-btn-tablet__default-btn uagb-btn-mobile__default-btn uagb-block-bac2b688\"><div class=\"uagb-buttons__wrap uagb-buttons-layout-wrap \">\n<div class=\"wp-block-uagb-buttons-child uagb-buttons__outer-wrap uagb-block-5ffc9d78 wp-block-button\"><div class=\"uagb-button__wrapper\"><a class=\"uagb-buttons-repeater wp-block-button__link\" aria-label=\"\" href=\"https:\/\/www.rozcaptz.com\/?page_id=386#https:\/\/www.rozcaptz.com\/?page_id=431\" rel=\"follow noopener\" target=\"_self\" role=\"button\"><div class=\"uagb-button__link\">Ir a colecci\u00f3n<\/div><\/a><\/div><\/div>\n<\/div><\/div>\n<\/div>\n","protected":false},"excerpt":{"rendered":"<p>En esta p\u00e1gina podr\u00e1s encontrar colecciones de distintos \u00e1mbitos en los que mi [&hellip;]<\/p>\n","protected":false},"author":2,"featured_media":0,"parent":0,"menu_order":0,"comment_status":"closed","ping_status":"closed","template":"","meta":{"_uag_custom_page_level_css":"","footnotes":""},"class_list":["post-31","page","type-page","status-publish","hentry"],"uagb_featured_image_src":{"full":false,"thumbnail":false,"medium":false,"medium_large":false,"large":false,"1536x1536":false,"2048x2048":false},"uagb_author_info":{"display_name":"Enrique Lopez Rosales","author_link":"https:\/\/www.rozcaptz.com\/?author=2"},"uagb_comment_info":0,"uagb_excerpt":"En esta p\u00e1gina podr\u00e1s encontrar colecciones de distintos \u00e1mbitos en los que mi [&hellip;]","_links":{"self":[{"href":"https:\/\/www.rozcaptz.com\/index.php?rest_route=\/wp\/v2\/pages\/31","targetHints":{"allow":["GET"]}}],"collection":[{"href":"https:\/\/www.rozcaptz.com\/index.php?rest_route=\/wp\/v2\/pages"}],"about":[{"href":"https:\/\/www.rozcaptz.com\/index.php?rest_route=\/wp\/v2\/types\/page"}],"author":[{"embeddable":true,"href":"https:\/\/www.rozcaptz.com\/index.php?rest_route=\/wp\/v2\/users\/2"}],"replies":[{"embeddable":true,"href":"https:\/\/www.rozcaptz.com\/index.php?rest_route=%2Fwp%2Fv2%2Fcomments&post=31"}],"version-history":[{"count":28,"href":"https:\/\/www.rozcaptz.com\/index.php?rest_route=\/wp\/v2\/pages\/31\/revisions"}],"predecessor-version":[{"id":477,"href":"https:\/\/www.rozcaptz.com\/index.php?rest_route=\/wp\/v2\/pages\/31\/revisions\/477"}],"wp:attachment":[{"href":"https:\/\/www.rozcaptz.com\/index.php?rest_route=%2Fwp%2Fv2%2Fmedia&parent=31"}],"curies":[{"name":"wp","href":"https:\/\/api.w.org\/{rel}","templated":true}]}}