{"id":386,"date":"2026-02-24T19:35:18","date_gmt":"2026-02-24T19:35:18","guid":{"rendered":"https:\/\/www.rozcaptz.com\/?page_id=386"},"modified":"2026-03-05T18:04:32","modified_gmt":"2026-03-05T18:04:32","slug":"retratos","status":"publish","type":"page","link":"https:\/\/www.rozcaptz.com\/?page_id=386","title":{"rendered":"Retratos"},"content":{"rendered":"\n<p>Cada rostro cuenta una historia. En esta colecci\u00f3n busco capturar la esencia de las personas m\u00e1s all\u00e1 de su expresi\u00f3n: su energ\u00eda, su mirada, su autenticidad. Cada retrato es una conversaci\u00f3n silenciosa entre la luz, la c\u00e1mara y el alma del sujeto. Mi objetivo es crear im\u00e1genes que transmitan emoci\u00f3n, identidad y presencia, congelando en un instante aquello que hace \u00fanica a cada persona.<\/p>\n\n\n\n<p>Abajo puedes ver mis sesiones de Retratos<\/p>\n\n\n\n<div class=\"wp-block-uagb-separator uagb-block-bb709164\"><div class=\"wp-block-uagb-separator__inner\" style=\"--my-background-image:\"><\/div><\/div>\n\n\n\n<div class=\"wp-block-uagb-container uagb-block-223052eb alignfull uagb-is-root-container\">\n<div class=\"wp-block-uagb-container uagb-block-d7cd79a2\">\n<div class=\"wp-block-uagb-advanced-heading uagb-block-d83405d8\"><h2 class=\"uagb-heading-text\">DESIGN HOUSE MX 2025<\/h2><\/div>\n<\/div>\n\n\n\n<div class=\"wp-block-uagb-buttons uagb-buttons__outer-wrap uagb-btn__default-btn uagb-btn-tablet__default-btn uagb-btn-mobile__default-btn uagb-block-9130faf9\"><div class=\"uagb-buttons__wrap uagb-buttons-layout-wrap \">\n<div class=\"wp-block-uagb-buttons-child uagb-buttons__outer-wrap uagb-block-0e1ef07f wp-block-button\"><div class=\"uagb-button__wrapper\"><a class=\"uagb-buttons-repeater wp-block-button__link\" aria-label=\"\" href=\"https:\/\/www.rozcaptz.com\/?page_id=431\" rel=\"follow noopener\" target=\"_blank\" role=\"button\"><div class=\"uagb-button__link\">Ir a galer\u00eda<\/div><\/a><\/div><\/div>\n<\/div><\/div>\n<\/div>\n\n\n\n<div class=\"wp-block-uagb-separator uagb-block-7c63d7dc\"><div class=\"wp-block-uagb-separator__inner\" style=\"--my-background-image:\"><\/div><\/div>\n\n\n\n<div class=\"wp-block-uagb-container uagb-block-78de2493 alignfull uagb-is-root-container\">\n<div class=\"wp-block-uagb-container uagb-block-d82991b3\">\n<div class=\"wp-block-uagb-advanced-heading uagb-block-dff5c920\"><h2 class=\"uagb-heading-text\">PARKING LOT<\/h2><\/div>\n<\/div>\n\n\n\n<div class=\"wp-block-uagb-buttons uagb-buttons__outer-wrap uagb-btn__default-btn uagb-btn-tablet__default-btn uagb-btn-mobile__default-btn uagb-block-53c0c2d3\"><div class=\"uagb-buttons__wrap uagb-buttons-layout-wrap \">\n<div class=\"wp-block-uagb-buttons-child uagb-buttons__outer-wrap uagb-block-c6da634d wp-block-button\"><div class=\"uagb-button__wrapper\"><a class=\"uagb-buttons-repeater wp-block-button__link\" aria-label=\"\" href=\"https:\/\/www.rozcaptz.com\/?page_id=506\" rel=\"follow noopener\" target=\"_self\" role=\"button\"><div class=\"uagb-button__link\">Ir a galer\u00eda<\/div><\/a><\/div><\/div>\n<\/div><\/div>\n<\/div>\n\n\n\n<div class=\"wp-block-uagb-separator uagb-block-f70b6d8b\"><div class=\"wp-block-uagb-separator__inner\" style=\"--my-background-image:\"><\/div><\/div>\n\n\n\n<div class=\"wp-block-uagb-container uagb-block-ac43701a alignfull uagb-is-root-container\">\n<div class=\"wp-block-uagb-container uagb-block-46cec8d4\">\n<div class=\"wp-block-uagb-advanced-heading uagb-block-cf66cfa6\"><h2 class=\"uagb-heading-text\">PLAZA SAT\u00c9LITE<\/h2><\/div>\n<\/div>\n\n\n\n<div class=\"wp-block-uagb-buttons uagb-buttons__outer-wrap uagb-btn__default-btn uagb-btn-tablet__default-btn uagb-btn-mobile__default-btn uagb-block-156c53aa\"><div class=\"uagb-buttons__wrap uagb-buttons-layout-wrap \">\n<div class=\"wp-block-uagb-buttons-child uagb-buttons__outer-wrap uagb-block-b800501a wp-block-button\"><div class=\"uagb-button__wrapper\"><a class=\"uagb-buttons-repeater wp-block-button__link\" aria-label=\"\" href=\"#\" rel=\"follow noopener\" target=\"_self\" role=\"button\"><div class=\"uagb-button__link\">Ir a galer\u00eda<\/div><\/a><\/div><\/div>\n<\/div><\/div>\n<\/div>\n\n\n\n<p><\/p>\n","protected":false},"excerpt":{"rendered":"<p>Cada rostro cuenta una historia. En esta colecci\u00f3n busco capturar la esencia de [&hellip;]<\/p>\n","protected":false},"author":2,"featured_media":0,"parent":0,"menu_order":0,"comment_status":"closed","ping_status":"closed","template":"","meta":{"_uag_custom_page_level_css":"","footnotes":""},"class_list":["post-386","page","type-page","status-publish","hentry"],"uagb_featured_image_src":{"full":false,"thumbnail":false,"medium":false,"medium_large":false,"large":false,"1536x1536":false,"2048x2048":false},"uagb_author_info":{"display_name":"Enrique Lopez Rosales","author_link":"https:\/\/www.rozcaptz.com\/?author=2"},"uagb_comment_info":0,"uagb_excerpt":"Cada rostro cuenta una historia. En esta colecci\u00f3n busco capturar la esencia de [&hellip;]","_links":{"self":[{"href":"https:\/\/www.rozcaptz.com\/index.php?rest_route=\/wp\/v2\/pages\/386","targetHints":{"allow":["GET"]}}],"collection":[{"href":"https:\/\/www.rozcaptz.com\/index.php?rest_route=\/wp\/v2\/pages"}],"about":[{"href":"https:\/\/www.rozcaptz.com\/index.php?rest_route=\/wp\/v2\/types\/page"}],"author":[{"embeddable":true,"href":"https:\/\/www.rozcaptz.com\/index.php?rest_route=\/wp\/v2\/users\/2"}],"replies":[{"embeddable":true,"href":"https:\/\/www.rozcaptz.com\/index.php?rest_route=%2Fwp%2Fv2%2Fcomments&post=386"}],"version-history":[{"count":7,"href":"https:\/\/www.rozcaptz.com\/index.php?rest_route=\/wp\/v2\/pages\/386\/revisions"}],"predecessor-version":[{"id":510,"href":"https:\/\/www.rozcaptz.com\/index.php?rest_route=\/wp\/v2\/pages\/386\/revisions\/510"}],"wp:attachment":[{"href":"https:\/\/www.rozcaptz.com\/index.php?rest_route=%2Fwp%2Fv2%2Fmedia&parent=386"}],"curies":[{"name":"wp","href":"https:\/\/api.w.org\/{rel}","templated":true}]}}